{"id":243,"date":"2025-12-09T09:17:14","date_gmt":"2025-12-09T08:17:14","guid":{"rendered":"https:\/\/abbc.biz\/?page_id=243"},"modified":"2025-12-10T07:33:52","modified_gmt":"2025-12-10T06:33:52","slug":"ces-2026","status":"publish","type":"page","link":"https:\/\/abbc.biz\/fr\/ces-2026\/","title":{"rendered":"Ces 2026"},"content":{"rendered":"<div id=\"pl-243\"  class=\"panel-layout\" ><div id=\"pg-243-0\"  class=\"panel-grid panel-no-style\" ><div id=\"pgc-243-0-0\"  class=\"panel-grid-cell\" ><div id=\"panel-243-0-0-0\" class=\"so-panel widget widget_sow-editor panel-first-child\" data-index=\"0\" ><div class=\"padding-top panel-widget-style panel-widget-style-for-243-0-0-0\" ><div\n\t\t\t\n\t\t\tclass=\"so-widget-sow-editor so-widget-sow-editor-base\"\n\t\t\t\n\t\t>\n<div class=\"siteorigin-widget-tinymce textwidget\">\n\t<h2 style=\"text-align: center;\">Rencontrons-nous au c\u0153ur de l\u2019innovation mondiale<\/h2>\n<p style=\"text-align: center;\">Nous serons pr\u00e9sents \u00e0 l'h\u00f4tel Venetian du <strong data-start=\"335\" data-end=\"358\">5 au 9 janvier 2026<\/strong> pour pr\u00e9senter nos initiatives et \u00e9changer avec des partenaires souhaitant explorer de nouvelles opportunit\u00e9s.<\/p>\n<p style=\"text-align: center;\"><strong>R\u00e9servez d\u00e8s maintenant votre cr\u00e9neau via Calendly<\/strong> pour garantir votre rendez-vous pendant l\u2019\u00e9v\u00e9nement.<\/p>\n<\/div>\n<\/div><\/div><\/div><div id=\"panel-243-0-0-1\" class=\"so-panel widget widget_sow-editor panel-last-child\" data-index=\"1\" ><div\n\t\t\t\n\t\t\tclass=\"so-widget-sow-editor so-widget-sow-editor-base\"\n\t\t\t\n\t\t>\n<div class=\"siteorigin-widget-tinymce textwidget\">\n\t<p><!-- Calendly inline widget begin --><\/p>\n<div class=\"calendly-inline-widget\" style=\"min-width: 320px; height: 700px;\" data-url=\"https:\/\/calendly.com\/abbc-ces\/new-meeting\"><\/div>\n<p><script type=\"text\/javascript\" src=\"https:\/\/assets.calendly.com\/assets\/external\/widget.js\" async><\/script><br \/>\n<!-- Calendly inline widget end --><\/p>\n<\/div>\n<\/div><\/div><\/div><\/div><div id=\"pg-243-1\"  class=\"panel-grid panel-has-style\" ><div class=\"bg beige siteorigin-panels-stretch panel-row-style panel-row-style-for-243-1\" data-stretch-type=\"full\" ><div id=\"pgc-243-1-0\"  class=\"panel-grid-cell\" ><div id=\"panel-243-1-0-0\" class=\"so-panel widget widget_sow-image panel-first-child panel-last-child\" data-index=\"2\" ><div\n\t\t\t\n\t\t\tclass=\"so-widget-sow-image so-widget-sow-image-default-8b5b6f678277-243\"\n\t\t\t\n\t\t>\n<div class=\"sow-image-container\">\n\t\t<img \n\tsrc=\"https:\/\/abbc.biz\/wp-content\/uploads\/2025\/12\/ces-2026.jpg\" width=\"1078\" height=\"1078\" srcset=\"https:\/\/abbc.biz\/wp-content\/uploads\/2025\/12\/ces-2026.jpg 1078w, https:\/\/abbc.biz\/wp-content\/uploads\/2025\/12\/ces-2026-300x300.jpg 300w, https:\/\/abbc.biz\/wp-content\/uploads\/2025\/12\/ces-2026-1024x1024.jpg 1024w, https:\/\/abbc.biz\/wp-content\/uploads\/2025\/12\/ces-2026-150x150.jpg 150w, https:\/\/abbc.biz\/wp-content\/uploads\/2025\/12\/ces-2026-768x768.jpg 768w, https:\/\/abbc.biz\/wp-content\/uploads\/2025\/12\/ces-2026-800x800.jpg 800w, https:\/\/abbc.biz\/wp-content\/uploads\/2025\/12\/ces-2026-125x125.jpg 125w\" sizes=\"(max-width: 1078px) 100vw, 1078px\" alt=\"\" \t\tclass=\"so-widget-image\"\/>\n\t<\/div>\n\n<\/div><\/div><\/div><div id=\"pgc-243-1-1\"  class=\"panel-grid-cell panel-grid-cell-empty\" ><\/div><div id=\"pgc-243-1-2\"  class=\"panel-grid-cell\" ><div id=\"panel-243-1-2-0\" class=\"so-panel widget widget_sow-editor panel-first-child panel-last-child\" data-index=\"3\" ><div\n\t\t\t\n\t\t\tclass=\"so-widget-sow-editor so-widget-sow-editor-base\"\n\t\t\t\n\t\t>\n<div class=\"siteorigin-widget-tinymce textwidget\">\n\t<p>&nbsp;<\/p>\n<p>Vous \u00eates une startup ou une entreprise dans les secteurs des t\u00e9l\u00e9coms, de l\u2019\u00e9nergie, de l\u2019IA ou des semiconducteurs ? <strong>Vous envisagez de vous d\u00e9velopper ou de vous implanter aux \u00c9tats-Unis, en France ou au Vietnam ?<\/strong><\/p>\n<p>&nbsp;<\/p>\n<p>Le CES est l\u2019occasion parfaite pour rencontrer l\u2019\u00e9quipe ABBC, \u00e9changer autour de vos projets d\u2019expansion, partager votre vision et construire ensemble une strat\u00e9gie sur-mesure.<\/p>\n<p>&nbsp;<\/p>\n<p>ABBC vous accompagne sur tout le parcours : \u00e9tude de march\u00e9, strat\u00e9gie technique et juridique, structuration op\u00e9rationnelle, incubation, mise en relation, transfert technologique.<\/p>\n<p>&nbsp;<\/p>\n<p><a class=\"btn red\" href=\"https:\/\/abbc.biz\/fr\/#contact\">Nous contacter<\/a><\/p>\n<\/div>\n<\/div><\/div><\/div><\/div><\/div><\/div>","protected":false},"excerpt":{"rendered":"<p>Rencontrons-nous au c\u0153ur de l\u2019innovation mondiale Nous serons pr\u00e9sents \u00e0 l&rsquo;h\u00f4tel Venetian du 5 au 9 janvier 2026 pour pr\u00e9senter&#8230; <a class=\"excerpt-read-more button\" href=\"https:\/\/abbc.biz\/fr\/ces-2026\/\" title=\"ReadCes 2026\"> Lire la suite<\/a><\/p>\n","protected":false},"author":1,"featured_media":0,"parent":0,"menu_order":0,"comment_status":"closed","ping_status":"closed","template":"template-title.php","meta":{"_acf_changed":false,"inline_featured_image":false,"footnotes":""},"class_list":["post-243","page","type-page","status-publish","hentry"],"acf":[],"aioseo_notices":[],"_links":{"self":[{"href":"https:\/\/abbc.biz\/fr\/wp-json\/wp\/v2\/pages\/243","targetHints":{"allow":["GET"]}}],"collection":[{"href":"https:\/\/abbc.biz\/fr\/wp-json\/wp\/v2\/pages"}],"about":[{"href":"https:\/\/abbc.biz\/fr\/wp-json\/wp\/v2\/types\/page"}],"author":[{"embeddable":true,"href":"https:\/\/abbc.biz\/fr\/wp-json\/wp\/v2\/users\/1"}],"replies":[{"embeddable":true,"href":"https:\/\/abbc.biz\/fr\/wp-json\/wp\/v2\/comments?post=243"}],"version-history":[{"count":32,"href":"https:\/\/abbc.biz\/fr\/wp-json\/wp\/v2\/pages\/243\/revisions"}],"predecessor-version":[{"id":296,"href":"https:\/\/abbc.biz\/fr\/wp-json\/wp\/v2\/pages\/243\/revisions\/296"}],"wp:attachment":[{"href":"https:\/\/abbc.biz\/fr\/wp-json\/wp\/v2\/media?parent=243"}],"curies":[{"name":"wp","href":"https:\/\/api.w.org\/{rel}","templated":true}]}}