{"id":202,"date":"2025-10-03T08:24:37","date_gmt":"2025-10-03T06:24:37","guid":{"rendered":"https:\/\/abbc.biz\/mentions-legales\/"},"modified":"2025-10-28T17:36:48","modified_gmt":"2025-10-28T16:36:48","slug":"mentions-legales","status":"publish","type":"page","link":"https:\/\/abbc.biz\/fr\/mentions-legales\/","title":{"rendered":"Mentions l\u00e9gales"},"content":{"rendered":"<div id=\"pl-202\"  class=\"panel-layout\" ><div id=\"pg-202-0\"  class=\"panel-grid panel-no-style\" ><div id=\"pgc-202-0-0\"  class=\"panel-grid-cell\" ><div id=\"panel-202-0-0-0\" class=\"so-panel widget widget_sow-editor panel-first-child panel-last-child\" data-index=\"0\" ><div class=\"legale panel-widget-style panel-widget-style-for-202-0-0-0\" ><div\n\t\t\t\n\t\t\tclass=\"so-widget-sow-editor so-widget-sow-editor-base\"\n\t\t\t\n\t\t>\n<div class=\"siteorigin-widget-tinymce textwidget\">\n\t<div class=\"siteorigin-widget-tinymce textwidget\">\n<h1>Mentions l\u00e9gales<\/h1>\n<p>En acc\u00e9dant \u00e0 ce site, vous acc\u00e9dez \u00e0 un contenu prot\u00e9g\u00e9 par la loi, notamment par les dispositions du Code de la propri\u00e9t\u00e9 intellectuelle. L\u2019\u00e9diteur n\u2019autorise qu\u2019un usage strictement personnel des donn\u00e9es, informations ou contenus auxquels vous acc\u00e9dez.<br \/>\nL\u2019utilisation ou la reproduction des images, photographies ou illustrations de ce site est strictement interdite sans l\u2019accord des auteurs. Toute violation fera l\u2019objet de poursuites judiciaires.<br \/>\nEn poursuivant votre navigation sur notre site, vous acceptez de vous conformer aux restrictions ci-dessous.<\/p>\n<h2>Conception du site<\/h2>\n<p><strong>Entreprise<\/strong><br \/>\nSKILL DESIGN<\/p>\n<p><strong>Si\u00e8ge social<\/strong><br \/>\n13 rue Fulgence Bienvenue - 22300 Lannion, France<\/p>\n<p><strong>Num\u00e9ro d\u2019immatriculation<\/strong><br \/>\n823 596 184 R.C.S Saint-Brieuc<\/p>\n<p>L\u2019acc\u00e8s \u00e0 ce site et son utilisation sont fournis par Skill Design et soumis aux conditions d\u2019utilisation ci-dessous.<\/p>\n<h3>Propri\u00e9t\u00e9 intellectuelle<\/h3>\n<p><strong>Entreprise<\/strong><br \/>\nABBC.biz<\/p>\n<p><strong>Nom et contact du responsable<\/strong><br \/>\nLe Mouel Vincent - contact@abbc.biz<\/p>\n<p><strong>Sites web<\/strong><br \/>\nDepuis ce site, vous pouvez acc\u00e9der \u00e0 des sites tiers via des liens hypertextes.<br \/>\nCes sites tiers ne sont pas sous notre contr\u00f4le, et nous ne sommes pas responsables de leur disponibilit\u00e9 ni de leur contenu.<br \/>\nL\u2019inclusion de ces liens est fournie uniquement \u00e0 titre informatif et n\u2019implique aucune responsabilit\u00e9 de la part de Skill Design.<br \/>\nNous ne pouvons \u00eatre tenus responsables de toute perte ou de tout dommage r\u00e9sultant de l\u2019utilisation de ces sites tiers ou de contrats conclus \u00e0 la suite de leur utilisation.<br \/>\nVos transactions avec tout prestataire tiers rel\u00e8vent exclusivement de votre relation avec ce prestataire et sont soumises aux conditions g\u00e9n\u00e9rales applicables \u00e0 ces transactions.  <\/p>\n<p><strong>Donn\u00e9es personnelles :<\/strong> Toute information collect\u00e9e sur ce site est destin\u00e9e uniquement au traitement de vos demandes.<br \/>\nVous disposez d\u2019un droit d\u2019acc\u00e8s, de rectification et de suppression de vos donn\u00e9es personnelles (Loi n\u00b078-17 du 6 janvier 1978 relative \u00e0 l\u2019informatique, aux fichiers et aux libert\u00e9s).<\/p>\n<h4>Utilisation des informations<\/h4>\n<p>Malgr\u00e9 le soin apport\u00e9 au traitement des informations, Skill Design d\u00e9cline toute responsabilit\u00e9 en cas d\u2019erreurs ou d\u2019omissions dans les informations publi\u00e9es sur ce site.<br \/>\nSkill Design ne saurait \u00eatre tenue responsable de l\u2019interpr\u00e9tation des informations contenues sur ce site ni des cons\u00e9quences de leur utilisation.<br \/>\nAucune garantie n\u2019est donn\u00e9e quant \u00e0 la disponibilit\u00e9 continue du site, et aucune responsabilit\u00e9 ne peut \u00eatre engag\u00e9e en cas de perte ou de dommage r\u00e9sultant de son indisponibilit\u00e9.<\/p>\n<h5>H\u00e9bergement<\/h5>\n<p><strong>OVH<\/strong><br \/>\nSAS au capital de 10 069 020 \u20ac \u2013 RCS Lille M\u00e9tropole 424 761 419 00045 \u2013 Code APE 2620Z \u2013 N\u00b0 TVA : FR 22 424 761 419<\/p>\n<p><strong>Si\u00e8ge social :<\/strong> 2 rue Kellermann \u2013 59100 Roubaix \u2013 France<\/p>\n<h4>Opposition au d\u00e9marchage t\u00e9l\u00e9phonique<\/h4>\n<p>Conform\u00e9ment \u00e0 la l\u00e9gislation en vigueur, vous \u00eates inform\u00e9 de votre droit \u00e0 vous inscrire sur la liste nationale d\u2019opposition au d\u00e9marchage t\u00e9l\u00e9phonique \u00ab Bloctel \u00bb.<br \/>\nBloctel est un service gratuit permettant aux consommateurs de s\u2019opposer \u00e0 la r\u00e9ception d\u2019appels commerciaux de la part de professionnels avec lesquels ils n\u2019ont pas de relation contractuelle en cours.<\/p>\n<p>Pour plus d\u2019informations ou pour vous inscrire, vous pouvez consulter le site officiel :<br \/>\n<a href=\"https:\/\/www.bloctel.gouv.fr\/\" target=\"_blank\" rel=\"noopener\">www.bloctel.gouv.fr<\/a>\n<\/div>\n<\/div>\n<\/div><\/div><\/div><\/div><\/div><\/div>","protected":false},"excerpt":{"rendered":"<p>Mentions l\u00e9gales En acc\u00e9dant \u00e0 ce site, vous acc\u00e9dez \u00e0 un contenu prot\u00e9g\u00e9 par la loi, notamment par les dispositions&#8230; <a class=\"excerpt-read-more button\" href=\"https:\/\/abbc.biz\/fr\/mentions-legales\/\" title=\"ReadMentions l\u00e9gales\"> Lire la suite<\/a><\/p>\n","protected":false},"author":1,"featured_media":0,"parent":0,"menu_order":0,"comment_status":"closed","ping_status":"closed","template":"","meta":{"_acf_changed":false,"inline_featured_image":false,"footnotes":""},"class_list":["post-202","page","type-page","status-publish","hentry"],"acf":[],"aioseo_notices":[],"_links":{"self":[{"href":"https:\/\/abbc.biz\/fr\/wp-json\/wp\/v2\/pages\/202","targetHints":{"allow":["GET"]}}],"collection":[{"href":"https:\/\/abbc.biz\/fr\/wp-json\/wp\/v2\/pages"}],"about":[{"href":"https:\/\/abbc.biz\/fr\/wp-json\/wp\/v2\/types\/page"}],"author":[{"embeddable":true,"href":"https:\/\/abbc.biz\/fr\/wp-json\/wp\/v2\/users\/1"}],"replies":[{"embeddable":true,"href":"https:\/\/abbc.biz\/fr\/wp-json\/wp\/v2\/comments?post=202"}],"version-history":[{"count":1,"href":"https:\/\/abbc.biz\/fr\/wp-json\/wp\/v2\/pages\/202\/revisions"}],"predecessor-version":[{"id":216,"href":"https:\/\/abbc.biz\/fr\/wp-json\/wp\/v2\/pages\/202\/revisions\/216"}],"wp:attachment":[{"href":"https:\/\/abbc.biz\/fr\/wp-json\/wp\/v2\/media?parent=202"}],"curies":[{"name":"wp","href":"https:\/\/api.w.org\/{rel}","templated":true}]}}